{"id":4,"date":"2017-09-13T14:06:24","date_gmt":"2017-09-13T14:06:24","guid":{"rendered":"http:\/\/new.tendaera.com\/?page_id=4"},"modified":"2019-02-20T18:25:28","modified_gmt":"2019-02-20T18:25:28","slug":"home","status":"publish","type":"page","link":"https:\/\/tendaera.com\/","title":{"rendered":"Home"},"content":{"rendered":"<div class=\"wpb-content-wrapper\"><p>[vc_row][vc_column][vc_custom_heading text=&#8221;Mir\u00ebsevini n\u00eb Tenda Era&#8221; font_container=&#8221;tag:h3|text_align:center|color:%23000000&#8243; google_fonts=&#8221;font_family:Open%20Sans%3A300%2C300italic%2Cregular%2Citalic%2C600%2C600italic%2C700%2C700italic%2C800%2C800italic|font_style:400%20regular%3A400%3Anormal&#8221;][vc_separator color=&#8221;juicy_pink&#8221;][vc_empty_space][\/vc_column][\/vc_row][vc_row][vc_column width=&#8221;1\/3&#8243;]\n<div tabindex=\"0\" id=\"interactive-banner-1-wrap-8643\" class=\"ult-banner-block ult-adjust-bottom-margin ult-bb-none ult-banner-block-custom-height banner-style13 \"   style=\"height:315px;\">\n\t<img decoding=\"async\" src=\"https:\/\/tendaera.com\/wp-content\/uploads\/2017\/09\/KUPOLA.jpg\" alt=\"null\">\n\t<h3  data-ultimate-target='#interactive-banner-1-wrap-8643 .bb-top-title '  data-responsive-json-new='{\"font-size\":\"desktop:17px;\",\"line-height\":\"\"}'  class=\"title-center bb-top-title ult-responsive\" style=\"font-weight:normal;background:#dd0000;color:#fcfcfc;\">TENDA<\/h3>\n\t<div class=\"mask opaque-background\" style=\"background:rgba(221,51,51,0.6);\">\n\t\t<div  data-ultimate-target='#interactive-banner-1-wrap-8643 .bb-description'  data-responsive-json-new='{\"font-size\":\"\",\"line-height\":\"\"}'  class=\"bb-description ult-responsive\" style=\"font-weight:normal;color:#ffffff;\"><\/div>\n\t<\/div>\n<\/div>[\/vc_column][vc_column width=&#8221;1\/3&#8243;]\n<div tabindex=\"0\" id=\"interactive-banner-1-wrap-4933\" class=\"ult-banner-block ult-adjust-bottom-margin ult-bb-none ult-banner-block-custom-height banner-style13 \"   style=\"height:315px;\">\n\t<img decoding=\"async\" src=\"https:\/\/tendaera.com\/wp-content\/uploads\/2017\/09\/Untitled-2.jpg\" alt=\"null\">\n\t<h3  data-ultimate-target='#interactive-banner-1-wrap-4933 .bb-top-title '  data-responsive-json-new='{\"font-size\":\"desktop:17px;\",\"line-height\":\"\"}'  class=\"title-center bb-top-title ult-responsive\" style=\"font-weight:normal;background:#dd0000;color:#fcfcfc;\">\u00c7ADRA<\/h3>\n\t<div class=\"mask opaque-background\" style=\"background:rgba(221,51,51,0.6);\">\n\t\t<div  data-ultimate-target='#interactive-banner-1-wrap-4933 .bb-description'  data-responsive-json-new='{\"font-size\":\"\",\"line-height\":\"\"}'  class=\"bb-description ult-responsive\" style=\"font-weight:normal;color:#ffffff;\"><\/div>\n\t<\/div>\n<\/div>[\/vc_column][vc_column width=&#8221;1\/3&#8243;]\n<div tabindex=\"0\" id=\"interactive-banner-1-wrap-8736\" class=\"ult-banner-block ult-adjust-bottom-margin ult-bb-none ult-banner-block-custom-height banner-style13 \"   style=\"height:315px;\">\n\t<img decoding=\"async\" src=\"https:\/\/tendaera.com\/wp-content\/uploads\/2017\/09\/CADRA-6-KENDESHE-1024x765.jpg\" alt=\"null\">\n\t<h3  data-ultimate-target='#interactive-banner-1-wrap-8736 .bb-top-title '  data-responsive-json-new='{\"font-size\":\"desktop:17px;\",\"line-height\":\"\"}'  class=\"title-center bb-top-title ult-responsive\" style=\"font-weight:normal;background:#dd0000;color:#fcfcfc;\">PUNIMET TONA<\/h3>\n\t<div class=\"mask opaque-background\" style=\"background:rgba(221,51,51,0.6);\">\n\t\t<div  data-ultimate-target='#interactive-banner-1-wrap-8736 .bb-description'  data-responsive-json-new='{\"font-size\":\"\",\"line-height\":\"\"}'  class=\"bb-description ult-responsive\" style=\"font-weight:normal;color:#ffffff;\"><\/div>\n\t<\/div>\n<\/div>[\/vc_column][\/vc_row][vc_row][vc_column][vc_empty_space height=&#8221;40px&#8221;][\/vc_column][\/vc_row][vc_row][vc_column width=&#8221;1\/3&#8243;][\/vc_column][vc_column width=&#8221;1\/3&#8243;][vc_custom_heading text=&#8221;Rreth Kompanise Tenda Era&#8221; font_container=&#8221;tag:h3|text_align:center|color:%23000000&#8243; google_fonts=&#8221;font_family:Open%20Sans%3A300%2C300italic%2Cregular%2Citalic%2C600%2C600italic%2C700%2C700italic%2C800%2C800italic|font_style:400%20regular%3A400%3Anormal&#8221;][vc_separator color=&#8221;custom&#8221; border_width=&#8221;2&#8243; el_width=&#8221;90&#8243; accent_color=&#8221;#dd3333&#8243; css=&#8221;.vc_custom_1505383739224{margin-top: -5px !important;}&#8221;][\/vc_column][vc_column width=&#8221;1\/3&#8243;][\/vc_column][\/vc_row][vc_row][vc_column width=&#8221;1\/2&#8243;][vc_single_image image=&#8221;283&#8243; img_size=&#8221;550&#215;300&#8243; alignment=&#8221;center&#8221; style=&#8221;vc_box_shadow_3d&#8221; image_hovers=&#8221;false&#8221;][\/vc_column][vc_column width=&#8221;1\/2&#8243;][vc_empty_space height=&#8221;7px&#8221;][vc_column_text]<\/p>\n<p style=\"text-align: justify;\"><span style=\"color: #2e2d2d;\">Tenda Era \u00ebsht\u00eb themeluar q\u00eb n\u00eb vitin 1994. Aktiviteti i saj \u00ebsht\u00eb i p\u00ebrq\u00ebndruar n\u00eb prodhim, montim tendash, tregtim aksesor\u00ebsh dhe copash n\u00eb t\u00eb gjith\u00eb Shqip\u00ebrin\u00eb me copat m\u00eb prestigjoze per tendat e diellit.\u00a0 Kompania Tenda Era ka filluar aktivitetin n\u00eb bashk\u00ebpunim me kompanin\u00eb m\u00eb t\u00eb njohura nd\u00ebrkomb\u00ebtare si Corti, Calbari, Mehler, Frigerio etj.<\/span><\/p>\n<p style=\"text-align: justify;\"><span style=\"color: #2e2d2d;\">Si p\u00ebrfaqesuese ekskluzive e k\u00ebtyre kompanive, Tenda Era ka sjell\u00eb n\u00eb Shqip\u00ebri eksperienc\u00ebn e firmave te tyre.<\/span><\/p>\n<p style=\"text-align: justify;\"><span style=\"color: #2e2d2d;\">Gjat\u00eb k\u00ebtyre viteve aktivitet, Tenda Era ka rritur gjithmon\u00eb e m\u00eb shum\u00eb tregun e vet, duke u realizuar dukshem si lider n\u00eb tregun e tendave te diellit.<\/span><\/p>\n<p>[\/vc_column_text][\/vc_column][\/vc_row][vc_row][vc_column][vc_empty_space height=&#8221;40px&#8221;][\/vc_column][\/vc_row][vc_row type=&#8221;vc_default&#8221; full_width=&#8221;stretch_row_content&#8221; css=&#8221;.vc_custom_1505387050583{margin-bottom: -70px !important;background-color: #f1f1f1 !important;}&#8221;][vc_column][vc_row_inner][vc_column_inner width=&#8221;1\/3&#8243;][\/vc_column_inner][vc_column_inner width=&#8221;1\/3&#8243;][vc_custom_heading text=&#8221;Punimet Tona&#8221; font_container=&#8221;tag:h3|text_align:center|color:%23000000&#8243; google_fonts=&#8221;font_family:Open%20Sans%3A300%2C300italic%2Cregular%2Citalic%2C600%2C600italic%2C700%2C700italic%2C800%2C800italic|font_style:400%20regular%3A400%3Anormal&#8221;][vc_separator color=&#8221;custom&#8221; border_width=&#8221;2&#8243; el_width=&#8221;30&#8243; accent_color=&#8221;#dd3333&#8243; css=&#8221;.vc_custom_1505386823516{margin-top: -10px !important;}&#8221;][\/vc_column_inner][vc_column_inner width=&#8221;1\/3&#8243;][\/vc_column_inner][\/vc_row_inner][vc_empty_space height=&#8221;15px&#8221;]<div id=\"ult-carousel-153563045069f3e8964a56c\" class=\"ult-carousel-wrapper   ult_horizontal\" data-gutter=\"15\" data-rtl=\"false\" ><div class=\"ult-carousel-188763295969f3e8964a511 \" >[vc_single_image image=&#8221;284&#8243; img_size=&#8221;370&#215;300&#8243; alignment=&#8221;center&#8221; style=&#8221;vc_box_shadow_3d&#8221; image_hovers=&#8221;false&#8221;][vc_single_image image=&#8221;285&#8243; img_size=&#8221;370&#215;300&#8243; alignment=&#8221;center&#8221; style=&#8221;vc_box_shadow_3d&#8221; image_hovers=&#8221;false&#8221;][vc_single_image image=&#8221;286&#8243; img_size=&#8221;370&#215;300&#8243; alignment=&#8221;center&#8221; style=&#8221;vc_box_shadow_3d&#8221; image_hovers=&#8221;false&#8221;][vc_single_image image=&#8221;287&#8243; img_size=&#8221;370&#215;300&#8243; alignment=&#8221;center&#8221; style=&#8221;vc_box_shadow_3d&#8221; image_hovers=&#8221;false&#8221;][vc_single_image image=&#8221;288&#8243; img_size=&#8221;370&#215;300&#8243; alignment=&#8221;center&#8221; style=&#8221;vc_box_shadow_3d&#8221; image_hovers=&#8221;false&#8221;][vc_single_image image=&#8221;289&#8243; img_size=&#8221;370&#215;300&#8243; alignment=&#8221;center&#8221; style=&#8221;vc_box_shadow_3d&#8221; image_hovers=&#8221;false&#8221;][vc_single_image image=&#8221;290&#8243; img_size=&#8221;370&#215;300&#8243; alignment=&#8221;center&#8221; style=&#8221;vc_box_shadow_3d&#8221; image_hovers=&#8221;false&#8221;][vc_single_image image=&#8221;291&#8243; img_size=&#8221;370&#215;300&#8243; alignment=&#8221;center&#8221; style=&#8221;vc_box_shadow_3d&#8221; image_hovers=&#8221;false&#8221;][vc_single_image image=&#8221;292&#8243; img_size=&#8221;370&#215;300&#8243; alignment=&#8221;center&#8221; style=&#8221;vc_box_shadow_3d&#8221; image_hovers=&#8221;false&#8221;]<\/div><\/div>\t\t\t<script type=\"text\/javascript\">\n\t\t\t\tjQuery(document).ready(function ($) {\n\t\t\t\t\tif( typeof jQuery('.ult-carousel-188763295969f3e8964a511').slick == \"function\"){\n\t\t\t\t\t\t$('.ult-carousel-188763295969f3e8964a511').slick({dots: true,autoplay: true,autoplaySpeed: \"3000\",speed: \"3000\",infinite: true,arrows: true,nextArrow: '<button type=\"button\" role=\"button\" aria-label=\"Next\" style=\"color:#dd3333; font-size:20px;background:;\" class=\"slick-next circle-bg\"><i class=\"ultsl-arrow-right4\"><\/i><\/button>',prevArrow: '<button type=\"button\" role=\"button\" aria-label=\"Previous\" style=\"color:#dd3333; font-size:20px;background:;\" class=\"slick-prev circle-bg\"><i class=\"ultsl-arrow-left4\"><\/i><\/button>',slidesToScroll:4,slidesToShow:4,swipe: true,draggable: true,touchMove: true,pauseOnHover: true,pauseOnFocus: false,responsive: [\n\t\t\t\t\t\t\t{\n\t\t\t\t\t\t\t  breakpoint: 1026,\n\t\t\t\t\t\t\t  settings: {\n\t\t\t\t\t\t\t\tslidesToShow: 4,\n\t\t\t\t\t\t\t\tslidesToScroll: 4,  \n\t\t\t\t\t\t\t  }\n\t\t\t\t\t\t\t},\n\t\t\t\t\t\t\t{\n\t\t\t\t\t\t\t  breakpoint: 1025,\n\t\t\t\t\t\t\t  settings: {\n\t\t\t\t\t\t\t\tslidesToShow: 3,\n\t\t\t\t\t\t\t\tslidesToScroll: 3\n\t\t\t\t\t\t\t  }\n\t\t\t\t\t\t\t},\n\t\t\t\t\t\t\t{\n\t\t\t\t\t\t\t  breakpoint: 760,\n\t\t\t\t\t\t\t  settings: {\n\t\t\t\t\t\t\t\tslidesToShow: 1,\n\t\t\t\t\t\t\t\tslidesToScroll: 1\n\t\t\t\t\t\t\t  }\n\t\t\t\t\t\t\t}\n\t\t\t\t\t\t],pauseOnDotsHover: true,customPaging: function(slider, i) {\n                   return '<i type=\"button\" style= \"color:#dd3333;\" class=\"ultsl-radio-checked\" data-role=\"none\"><\/i>';\n                },});\n\t\t\t\t\t}\n\t\t\t\t});\n\t\t\t<\/script>\n\t\t\t[vc_empty_space height=&#8221;15px&#8221;][\/vc_column][\/vc_row]<\/p>\n<\/div>","protected":false},"excerpt":{"rendered":"<p>[vc_row][vc_column][vc_custom_heading text=&#8221;Mir\u00ebsevini n\u00eb Tenda Era&#8221; font_container=&#8221;tag:h3|text_align:center|color:%23000000&#8243; google_fonts=&#8221;font_family:Open%20Sans%3A300%2C300italic%2Cregular%2Citalic%2C600%2C600italic%2C700%2C700italic%2C800%2C800italic|font_style:400%20regular%3A400%3Anormal&#8221;][vc_separator color=&#8221;juicy_pink&#8221;][vc_empty_space][\/vc_column][\/vc_row][vc_row][vc_column width=&#8221;1\/3&#8243;][\/vc_column][vc_column width=&#8221;1\/3&#8243;][\/vc_column][vc_column width=&#8221;1\/3&#8243;][\/vc_column][\/vc_row][vc_row][vc_column][vc_empty_space height=&#8221;40px&#8221;][\/vc_column][\/vc_row][vc_row][vc_column width=&#8221;1\/3&#8243;][\/vc_column][vc_column width=&#8221;1\/3&#8243;][vc_custom_heading text=&#8221;Rreth Kompanise Tenda Era&#8221; font_container=&#8221;tag:h3|text_align:center|color:%23000000&#8243; google_fonts=&#8221;font_family:Open%20Sans%3A300%2C300italic%2Cregular%2Citalic%2C600%2C600italic%2C700%2C700italic%2C800%2C800italic|font_style:400%20regular%3A400%3Anormal&#8221;][vc_separator color=&#8221;custom&#8221; border_width=&#8221;2&#8243; el_width=&#8221;90&#8243; accent_color=&#8221;#dd3333&#8243; css=&#8221;.vc_custom_1505383739224{margin-top: -5px !important;}&#8221;][\/vc_column][vc_column width=&#8221;1\/3&#8243;][\/vc_column][\/vc_row][vc_row][vc_column width=&#8221;1\/2&#8243;][vc_single_image image=&#8221;283&#8243; img_size=&#8221;550&#215;300&#8243; alignment=&#8221;center&#8221; style=&#8221;vc_box_shadow_3d&#8221; image_hovers=&#8221;false&#8221;][\/vc_column][vc_column width=&#8221;1\/2&#8243;][vc_empty_space height=&#8221;7px&#8221;][vc_column_text] Tenda Era \u00ebsht\u00eb themeluar q\u00eb n\u00eb vitin 1994. Aktiviteti i saj \u00ebsht\u00eb i p\u00ebrq\u00ebndruar n\u00eb prodhim, montim tendash, tregtim&hellip;<\/p>\n","protected":false},"author":2,"featured_media":0,"parent":0,"menu_order":0,"comment_status":"closed","ping_status":"closed","template":"","meta":{"footnotes":""},"class_list":["post-4","page","type-page","status-publish","hentry","description-off"],"_links":{"self":[{"href":"https:\/\/tendaera.com\/index.php\/wp-json\/wp\/v2\/pages\/4","targetHints":{"allow":["GET"]}}],"collection":[{"href":"https:\/\/tendaera.com\/index.php\/wp-json\/wp\/v2\/pages"}],"about":[{"href":"https:\/\/tendaera.com\/index.php\/wp-json\/wp\/v2\/types\/page"}],"author":[{"embeddable":true,"href":"https:\/\/tendaera.com\/index.php\/wp-json\/wp\/v2\/users\/2"}],"replies":[{"embeddable":true,"href":"https:\/\/tendaera.com\/index.php\/wp-json\/wp\/v2\/comments?post=4"}],"version-history":[{"count":5,"href":"https:\/\/tendaera.com\/index.php\/wp-json\/wp\/v2\/pages\/4\/revisions"}],"predecessor-version":[{"id":327,"href":"https:\/\/tendaera.com\/index.php\/wp-json\/wp\/v2\/pages\/4\/revisions\/327"}],"wp:attachment":[{"href":"https:\/\/tendaera.com\/index.php\/wp-json\/wp\/v2\/media?parent=4"}],"curies":[{"name":"wp","href":"https:\/\/api.w.org\/{rel}","templated":true}]}}